{"id":9017,"date":"2025-04-25T04:11:43","date_gmt":"2025-04-25T04:11:43","guid":{"rendered":"https:\/\/yosoylibros.org\/?page_id=9017"},"modified":"2025-04-25T04:53:59","modified_gmt":"2025-04-25T04:53:59","slug":"dona-lectura-regala-oportunidades","status":"publish","type":"page","link":"https:\/\/yosoylibros.org\/?page_id=9017","title":{"rendered":"Don\u00e1 lectura regal\u00e1 oportunidades"},"content":{"rendered":"<p><section class=\"kc-elm kc-css-805996 kc_row\"><div class=\"kc-row-container  kc-container\"><div class=\"kc-wrap-columns\"><div class=\"kc-elm kc-css-226479 kc_col-sm-5 kc_column kc_col-sm-5\"><div class=\"kc-col-container\"><div class=\"kc-elm kc-css-537628 kc_shortcode kc_single_image\">\n\n        <img src=\"https:\/\/yosoylibros.org\/wp-content\/uploads\/2025\/04\/logo_dona_lectura.png\" class=\"\" alt=\"\" \/>    <\/div>\n<\/div><\/div><div class=\"kc-elm kc-css-362373 kc_col-sm-7 kc_column kc_col-sm-7\"><div class=\"kc-col-container\">\n<div class=\"kc-elm kc-css-789953 kc-title-wrap \">\n\n\t<h2 class=\"kc_title\">Descripci\u00f3n de la campa\u00f1a<\/h2>\n<\/div>\n<div class=\"kc-elm kc-css-483063 kc_text_block\"><\/p>\n<p>En Costa Rica, cientos de ni\u00f1os y ni\u00f1as asisten a escuelas unidocentes en zonas rurales donde los recursos educativos son limitados. Muchos no tienen acceso regular a libros que les inspiren, les ense\u00f1en y les conecten con el mundo.<\/p>\n<p>\n<\/div><div class=\"kc-elm kc-css-197466 kc_text_block\"><\/p>\n<blockquote>\n<p>Nuestra campa\u00f1a nace del deseo de cambiar eso.<\/p>\n<\/blockquote>\n<p>\n<\/div><div class=\"kc-elm kc-css-361185 kc_text_block\"><\/p>\n<p>Queremos llevar bibliotecas rodantes a estas escuelas, llenas de libros que alimenten la curiosidad, fortalezcan la lectura y siembren esperanza.<\/p>\n<p>Con su ayuda, cada donaci\u00f3n se convierte en una rueda que acerca el conocimiento a donde m\u00e1s se necesita.<\/p>\n<p>\n<\/div><div class=\"kc-elm kc-css-345886 kc_text_block\"><\/p>\n<blockquote>\n<p>Porque donde llega un libro, florece una oportunidad.<\/p>\n<\/blockquote>\n<p>\n<\/div><\/div><\/div><\/div><\/div><\/section><section class=\"kc-elm kc-css-880178 kc_row\"><div class=\"kc-row-container  kc-container\"><div class=\"kc-wrap-columns\"><div class=\"kc-elm kc-css-403373 kc_col-sm-12 kc_column kc_col-sm-12\"><div class=\"kc-col-container\">\n<div class=\"kc-elm kc-css-941315 kc-title-wrap \">\n\n\t<h3 class=\"kc_title\">\u00a1Sumate y rodemos juntos hacia un futuro con m\u00e1s lectura, m\u00e1s igualdad y m\u00e1s sue\u00f1os cumplidos!<\/h3>\n<\/div>\n<\/div><\/div><\/div><\/div><\/section><section class=\"kc-elm kc-css-74682 kc_row\"><div class=\"kc-row-container  kc-container\"><div class=\"kc-wrap-columns\"><div class=\"kc-elm kc-css-300376 kc_col-sm-4 kc_column kc_col-sm-4\"><div class=\"kc-col-container\"><div class=\"kc-elm kc-css-84956 kc_shortcode kc_single_image\">\n\n        <img src=\"https:\/\/yosoylibros.org\/wp-content\/uploads\/2025\/04\/6806d73f-f046-4d99-8e9f-773f48c99ea8.jpg\" class=\"\" alt=\"\" \/>    <\/div>\n<\/div><\/div><div class=\"kc-elm kc-css-314167 kc_col-sm-4 kc_column kc_col-sm-4\"><div class=\"kc-col-container\"><div class=\"kc-elm kc-css-621650 kc_shortcode kc_single_image\">\n\n        <img src=\"https:\/\/yosoylibros.org\/wp-content\/uploads\/2025\/04\/3174befa-4100-4a9d-9d83-f0240fdd1c14.jpg\" class=\"\" alt=\"\" \/>    <\/div>\n<\/div><\/div><div class=\"kc-elm kc-css-378978 kc_col-sm-4 kc_column kc_col-sm-4\"><div class=\"kc-col-container\"><div class=\"kc-elm kc-css-914317 kc_shortcode kc_single_image\">\n\n        <img src=\"https:\/\/yosoylibros.org\/wp-content\/uploads\/2025\/04\/bdfb8961-4c52-4bbe-b776-34faca60790c.jpg\" class=\"\" alt=\"\" \/>    <\/div>\n<\/div><\/div><\/div><\/div><\/section><section class=\"kc-elm kc-css-155282 kc_row\"><div class=\"kc-row-container  kc-container\"><div class=\"kc-wrap-columns\"><div class=\"kc-elm kc-css-621885 kc_col-sm-12 kc_column kc_col-sm-12\"><div class=\"kc-col-container\"><div class=\"kc-elm kc-css-533005 kc_text_block\"><\/p>\n<blockquote>\n<p style=\"text-align: center;\">Para m\u00e1s informaci\u00f3n por favor comunicarse a cualquiera de los siguientes medios:<br \/>Correo <a href=\"mailto:infolibros@librosparatodos.cr\">infolibros@librosparatodos.cr<\/a><br \/>Tel\u00e9fono +506 73006686<\/p>\n<\/blockquote>\n<p>\n<\/div><\/div><\/div><\/div><\/div><\/section><\/p>\n","protected":false},"excerpt":{"rendered":"","protected":false},"author":1,"featured_media":0,"parent":0,"menu_order":0,"comment_status":"closed","ping_status":"closed","template":"","meta":{"footnotes":""},"_links":{"self":[{"href":"https:\/\/yosoylibros.org\/index.php?rest_route=\/wp\/v2\/pages\/9017"}],"collection":[{"href":"https:\/\/yosoylibros.org\/index.php?rest_route=\/wp\/v2\/pages"}],"about":[{"href":"https:\/\/yosoylibros.org\/index.php?rest_route=\/wp\/v2\/types\/page"}],"author":[{"embeddable":true,"href":"https:\/\/yosoylibros.org\/index.php?rest_route=\/wp\/v2\/users\/1"}],"replies":[{"embeddable":true,"href":"https:\/\/yosoylibros.org\/index.php?rest_route=%2Fwp%2Fv2%2Fcomments&post=9017"}],"version-history":[{"count":34,"href":"https:\/\/yosoylibros.org\/index.php?rest_route=\/wp\/v2\/pages\/9017\/revisions"}],"predecessor-version":[{"id":9058,"href":"https:\/\/yosoylibros.org\/index.php?rest_route=\/wp\/v2\/pages\/9017\/revisions\/9058"}],"wp:attachment":[{"href":"https:\/\/yosoylibros.org\/index.php?rest_route=%2Fwp%2Fv2%2Fmedia&parent=9017"}],"curies":[{"name":"wp","href":"https:\/\/api.w.org\/{rel}","templated":true}]}}