{"id":8012,"date":"2019-08-20T15:30:17","date_gmt":"2019-08-20T15:30:17","guid":{"rendered":"https:\/\/yosoylibros.org\/?page_id=8012"},"modified":"2019-09-25T17:38:59","modified_gmt":"2019-09-25T17:38:59","slug":"noticias","status":"publish","type":"page","link":"https:\/\/yosoylibros.org\/?page_id=8012","title":{"rendered":"Noticias"},"content":{"rendered":"<section class=\"kc-elm kc-css-559744 kc_row\"><div class=\"kc-row-container  kc-container\"><div class=\"kc-wrap-columns\"><div class=\"kc-elm kc-css-21932 kc_col-sm-12 kc_column kc_col-sm-12\"><div class=\"kc-col-container\">\n<div class=\"kc-elm kc-css-881169 kc-blog-posts kc-blog-posts-2 kc-image-align-both\">\n\t\n\t\t\n\t\t\t\t<div class=\"kc-list-item-2\">\n\n\t\t\t\t\t\n\t\t\t\t\t\t<div class=\"post-item-left\">\n\t\t\t\t\t\t\t<div class=\"post_details\">\n\t\t\t\t\t\t\t\t<h2 class=\"post-title-alt\"><a\n\t\t\t\t\t\t\t\t\t\thref=\"https:\/\/yosoylibros.org\/?p=8984\"\n\t\t\t\t\t\t\t\t\t\ttitle=\"Nuevo formato impreso\">Nuevo formato impreso<\/a>\n\t\t\t\t\t\t\t\t<\/h2>\n\t\t\t\t\t\t\t\t\t\t\t\t\t\t\t\t\t<div class=\"post-meta\">\n\t\t\t\t\t\t\t\t\t\t\t\t\t\t\t\t\t\t\t\t\t\t\t\t\t\t\t\t\t\t\t<span class=\"post-date\"><i class=\"fa fa-clock-o\"><\/i> <a\n\t\t\t\t\t\t\t\t\t\t\t\thref=\"https:\/\/yosoylibros.org\/?m=202310\">octubre 3 2023<\/a> <\/span>\n\t\t\t\t\t\t\t\t\t\t\t\t\t\t\t\t\t\t\t\t\t\t\t\t\t\t\t\t\t\t\t\t\t\t\t\t\t\t\t\t\t\t\t<span class=\"post-cats\"><i class=\"fa fa-folder-o\"\n\t\t\t\t\t\t\t\t\t\t\t                           aria-hidden=\"true\"><\/i> <a class=\"pills pills-primary\" href=\"https:\/\/yosoylibros.org\/?cat=88\" rel=\"category\">Noticias<\/a><\/span>\n\t\t\t\t\t\t\t\t\t\t\t\t\t\t\t\t\t\t\t\t\t\t\t\t\t\t\t\t\t\t<\/div>\n\t\t\t\t\t\t\t\t\t\t\t\t\t\t\t<\/div>\n\t\t\t\t\t\t\t\t\t\t\t\t\t\t\t<p>En la Asociaci\u00f3n Libros para Todos siempre estamos comprometidos con la calidad de la educaci\u00f3n y por lo tanto de&hellip;<\/p>\n\t\t\t\t\t\t\t\t\t\t\t\t\t\t<a href=\"https:\/\/yosoylibros.org\/?p=8984\"\n\t\t\t\t\t\t\t   class=\"kc-post-2-button\">Leer m\u00e1s <i\n\t\t\t\t\t\t\t\t\tclass=\"fa fa-angle-right\" aria-hidden=\"true\"><\/i><\/a>\n\t\t\t\t\t\t\t\t\t\t\t\t\t<\/div>\n\t\t\t\t\t\t<div class=\"post-item-right\">\n\t\t\t\t\t\t\t<figure>\n\t\t\t\t\t\t\t\t<img src=\"https:\/\/yosoylibros.org\/wp-content\/uploads\/2023\/09\/indigena-2-543x304xct.jpeg\"\n\t\t\t\t\t\t\t\t     alt=\"Nuevo formato impreso\">\n\t\t\t\t\t\t\t<\/figure>\n\t\t\t\t\t\t<\/div>\n\n\t\t\t\t\t\n\t\t\t\t<\/div>\n\n\t\t\t\t\n\t\t\t\t<div class=\"kc-list-item-2\">\n\n\t\t\t\t\t\t\t\t\t\t\t\t\t\t\t\t\t\t<div class=\"post-item-left\">\n\t\t\t\t\t\t\t\t<figure>\n\t\t\t\t\t\t\t\t\t<img src=\"https:\/\/yosoylibros.org\/wp-content\/uploads\/2021\/11\/Noticia-INS_A_1024x768-543x304xct.jpg\"\n\t\t\t\t\t\t\t\t\t     alt=\"L\u00edderes de la prevenci\u00f3n, el programa educativo del INS\">\n\t\t\t\t\t\t\t\t<\/figure>\n\t\t\t\t\t\t\t<\/div>\n\t\t\t\t\t\t\t\t\t\t\t\t<div class=\"post-item-right\">\n\t\t\t\t\t\t\t<div class=\"post_details\">\n\t\t\t\t\t\t\t\t<h2 class=\"post-title-alt\"><a\n\t\t\t\t\t\t\t\t\t\thref=\"https:\/\/yosoylibros.org\/?p=8718\"\n\t\t\t\t\t\t\t\t\t\ttitle=\"L\u00edderes de la prevenci\u00f3n, el programa educativo del INS\">L\u00edderes de la prevenci\u00f3n, el programa educativo del INS<\/a>\n\t\t\t\t\t\t\t\t<\/h2>\n\n\t\t\t\t\t\t\t\t\t\t\t\t\t\t\t\t\t<div class=\"post-meta\">\n\t\t\t\t\t\t\t\t\t\t\t\t\t\t\t\t\t\t\t\t\t\t\t\t\t\t\t\t\t\t\t<span class=\"post-date\"><i class=\"fa fa-clock-o\"><\/i> <a\n\t\t\t\t\t\t\t\t\t\t\t\thref=\"https:\/\/yosoylibros.org\/?m=202111\">noviembre 25 2021<\/a> <\/span>\n\t\t\t\t\t\t\t\t\t\t\t\t\t\t\t\t\t\t\t\t\t\t\t\t\t\t\t\t\t\t\t\t\t\t\t\t\t\t\t\t\t\t\t<span class=\"post-cats\"><i class=\"fa fa-folder-o\"\n\t\t\t\t\t\t\t\t\t\t\t\t                           aria-hidden=\"true\"><\/i> <a class=\"pills pills-primary\" href=\"https:\/\/yosoylibros.org\/?cat=88\" rel=\"category\">Noticias<\/a><\/span>\n\t\t\t\t\t\t\t\t\t\t\t\t\t\t\t\t\t\t\t\t\t\t\t\t\t\t\t\t\t\t<\/div>\n\t\t\t\t\t\t\t\t\t\t\t\t\t\t\t<\/div>\n\t\t\t\t\t\t\t\t\t\t\t\t\t\t\t<p>Por J\u00e9ssica Bogantes Jim\u00e9nez El Instituto Nacional de Seguros invita, cada a\u00f1o,&nbsp; al sector educativo a participar en el programa&hellip;<\/p>\n\t\t\t\t\t\t\t\t\t\t\t\t\t\t<a href=\"https:\/\/yosoylibros.org\/?p=8718\"\n\t\t\t\t\t\t\t   class=\"kc-post-2-button\">Leer m\u00e1s <i\n\t\t\t\t\t\t\t\t\tclass=\"fa fa-angle-right\" aria-hidden=\"true\"><\/i><\/a>\n\t\t\t\t\t\t\t\t\t\t\t\t\t<\/div>\n\n\t\t\t\t\t\n\t\t\t\t<\/div>\n\n\t\t\t\t\n\t\t\t\t<div class=\"kc-list-item-2\">\n\n\t\t\t\t\t\n\t\t\t\t\t\t<div class=\"post-item-left\">\n\t\t\t\t\t\t\t<div class=\"post_details\">\n\t\t\t\t\t\t\t\t<h2 class=\"post-title-alt\"><a\n\t\t\t\t\t\t\t\t\t\thref=\"https:\/\/yosoylibros.org\/?p=8652\"\n\t\t\t\t\t\t\t\t\t\ttitle=\"Por un acceso a los recursos did\u00e1cticos m\u00e1s democr\u00e1tico\">Por un acceso a los recursos did\u00e1cticos m\u00e1s democr\u00e1tico<\/a>\n\t\t\t\t\t\t\t\t<\/h2>\n\t\t\t\t\t\t\t\t\t\t\t\t\t\t\t\t\t<div class=\"post-meta\">\n\t\t\t\t\t\t\t\t\t\t\t\t\t\t\t\t\t\t\t\t\t\t\t\t\t\t\t\t\t\t\t<span class=\"post-date\"><i class=\"fa fa-clock-o\"><\/i> <a\n\t\t\t\t\t\t\t\t\t\t\t\thref=\"https:\/\/yosoylibros.org\/?m=201909\">septiembre 25 2019<\/a> <\/span>\n\t\t\t\t\t\t\t\t\t\t\t\t\t\t\t\t\t\t\t\t\t\t\t\t\t\t\t\t\t\t\t\t\t\t\t\t\t\t\t\t\t\t\t<span class=\"post-cats\"><i class=\"fa fa-folder-o\"\n\t\t\t\t\t\t\t\t\t\t\t                           aria-hidden=\"true\"><\/i> <a class=\"pills pills-primary\" href=\"https:\/\/yosoylibros.org\/?cat=88\" rel=\"category\">Noticias<\/a><\/span>\n\t\t\t\t\t\t\t\t\t\t\t\t\t\t\t\t\t\t\t\t\t\t\t\t\t\t\t\t\t\t<\/div>\n\t\t\t\t\t\t\t\t\t\t\t\t\t\t\t<\/div>\n\t\t\t\t\t\t\t\t\t\t\t\t\t\t\t<p>La Asociaci\u00f3n Libros para Todos, una vez m\u00e1s en la b\u00fasqueda de cumplir con su objetivo de ser una organizaci\u00f3n&hellip;<\/p>\n\t\t\t\t\t\t\t\t\t\t\t\t\t\t<a href=\"https:\/\/yosoylibros.org\/?p=8652\"\n\t\t\t\t\t\t\t   class=\"kc-post-2-button\">Leer m\u00e1s <i\n\t\t\t\t\t\t\t\t\tclass=\"fa fa-angle-right\" aria-hidden=\"true\"><\/i><\/a>\n\t\t\t\t\t\t\t\t\t\t\t\t\t<\/div>\n\t\t\t\t\t\t<div class=\"post-item-right\">\n\t\t\t\t\t\t\t<figure>\n\t\t\t\t\t\t\t\t<img src=\"https:\/\/yosoylibros.org\/wp-content\/uploads\/2019\/09\/shutterstock_1104967028-543x304xct.jpg\"\n\t\t\t\t\t\t\t\t     alt=\"Por un acceso a los recursos did\u00e1cticos m\u00e1s democr\u00e1tico\">\n\t\t\t\t\t\t\t<\/figure>\n\t\t\t\t\t\t<\/div>\n\n\t\t\t\t\t\n\t\t\t\t<\/div>\n\n\t\t\t\t\n\t\n<\/div>\n<\/div><\/div><\/div><\/div><\/section>\n","protected":false},"excerpt":{"rendered":"","protected":false},"author":1,"featured_media":0,"parent":0,"menu_order":0,"comment_status":"closed","ping_status":"closed","template":"","meta":{"footnotes":""},"_links":{"self":[{"href":"https:\/\/yosoylibros.org\/index.php?rest_route=\/wp\/v2\/pages\/8012"}],"collection":[{"href":"https:\/\/yosoylibros.org\/index.php?rest_route=\/wp\/v2\/pages"}],"about":[{"href":"https:\/\/yosoylibros.org\/index.php?rest_route=\/wp\/v2\/types\/page"}],"author":[{"embeddable":true,"href":"https:\/\/yosoylibros.org\/index.php?rest_route=\/wp\/v2\/users\/1"}],"replies":[{"embeddable":true,"href":"https:\/\/yosoylibros.org\/index.php?rest_route=%2Fwp%2Fv2%2Fcomments&post=8012"}],"version-history":[{"count":11,"href":"https:\/\/yosoylibros.org\/index.php?rest_route=\/wp\/v2\/pages\/8012\/revisions"}],"predecessor-version":[{"id":8685,"href":"https:\/\/yosoylibros.org\/index.php?rest_route=\/wp\/v2\/pages\/8012\/revisions\/8685"}],"wp:attachment":[{"href":"https:\/\/yosoylibros.org\/index.php?rest_route=%2Fwp%2Fv2%2Fmedia&parent=8012"}],"curies":[{"name":"wp","href":"https:\/\/api.w.org\/{rel}","templated":true}]}}