{"id":7568,"date":"2019-08-14T20:05:52","date_gmt":"2019-08-14T20:05:52","guid":{"rendered":"https:\/\/yosoylibros.org\/?page_id=7568"},"modified":"2023-09-18T16:32:32","modified_gmt":"2023-09-18T16:32:32","slug":"objetivo","status":"publish","type":"page","link":"https:\/\/yosoylibros.org\/?page_id=7568","title":{"rendered":"Objetivo"},"content":{"rendered":"<section class=\"kc-elm kc-css-211332 kc_row\"><div class=\"kc-row-container  kc-container\"><div class=\"kc-wrap-columns\"><div class=\"kc-elm kc-css-345193 kc_col-sm-4 kc_column kc_col-sm-4\"><div class=\"kc-col-container\">\n<div class=\"kc-elm kc-css-225201 kc-title-wrap \">\n\n\t<h2 class=\"kc_title\">Educar<\/h2>\n<\/div>\n<div class=\"kc-elm kc-css-785252 kc_text_block\"><\/p>\n<p>Disminuir la brecha social en el acceso a los recursos did\u00e1cticos, en pro del mejoramiento de la educaci\u00f3n de las poblaciones m\u00e1s vulnerables.<\/p>\n<p>\n<\/div>\n<div class=\"kc-elm kc-css-756221 kc-image-hover-effects kc-img-effects-5 default\">\n\n\t<a href=\"https:\/\/yosoylibros.org\/wp-content\/uploads\/2019\/08\/IMG_3188.jpg\" rel=\"prettyPhoto\" class=\"kc-pretty-photo\"><img src=\"https:\/\/yosoylibros.org\/wp-content\/uploads\/2019\/08\/IMG_3188.jpg\" alt=\"\"\/><\/a><a href=\"https:\/\/yosoylibros.org\/wp-content\/uploads\/2019\/08\/IMG_3188.jpg\" rel=\"prettyPhoto\" class=\"kc-pretty-photo\"><div class=\"overlay-effects\"><i class=fa-search><\/i><\/div><\/a>\n<\/div><\/div><\/div><div class=\"kc-elm kc-css-380829 kc_col-sm-1 kc_column kc_col-sm-1\"><div class=\"kc-col-container\"><\/div><\/div><div class=\"kc-elm kc-css-21263 kc_col-sm-7 kc_column kc_col-sm-7\"><div class=\"kc-col-container\"><div class=\"kc-image-gallery kc-elm kc-css-652491 kc-animated kc-animate-eff-pulse\">\n<div class=\"kc_image_gallery kc-carousel-image kc-grid \">\n<div class=\"item-grid grid-2\"><a class=\"kc-image-link kc-pretty-photo\" data-lightbox=\"kc-lightbox\" rel=\"kc-pretty-photo[16300753]\" href=\"https:\/\/yosoylibros.org\/wp-content\/uploads\/2019\/08\/20140307_101045.jpg\"><img src=\"https:\/\/yosoylibros.org\/wp-content\/uploads\/2019\/08\/20140307_101045-400x200xc.jpg\" alt=\"\"\/><\/a><\/div><div class=\"item-grid grid-2\"><a class=\"kc-image-link kc-pretty-photo\" data-lightbox=\"kc-lightbox\" rel=\"kc-pretty-photo[16300753]\" href=\"https:\/\/yosoylibros.org\/wp-content\/uploads\/2019\/08\/IMG_3679.jpg\"><img src=\"https:\/\/yosoylibros.org\/wp-content\/uploads\/2019\/08\/IMG_3679-400x200xc.jpg\" alt=\"\"\/><\/a><\/div><div class=\"item-grid grid-2\"><a class=\"kc-image-link kc-pretty-photo\" data-lightbox=\"kc-lightbox\" rel=\"kc-pretty-photo[16300753]\" href=\"https:\/\/yosoylibros.org\/wp-content\/uploads\/2019\/08\/DSC_0157.jpg\"><img src=\"https:\/\/yosoylibros.org\/wp-content\/uploads\/2019\/08\/DSC_0157-400x200xc.jpg\" alt=\"\"\/><\/a><\/div><div class=\"item-grid grid-2\"><a class=\"kc-image-link kc-pretty-photo\" data-lightbox=\"kc-lightbox\" rel=\"kc-pretty-photo[16300753]\" href=\"https:\/\/yosoylibros.org\/wp-content\/uploads\/2019\/08\/20150218-La-California-1.jpg\"><img src=\"https:\/\/yosoylibros.org\/wp-content\/uploads\/2019\/08\/20150218-La-California-1-400x200xc.jpg\" alt=\"\"\/><\/a><\/div><div class=\"item-grid grid-2\"><a class=\"kc-image-link kc-pretty-photo\" data-lightbox=\"kc-lightbox\" rel=\"kc-pretty-photo[16300753]\" href=\"https:\/\/yosoylibros.org\/wp-content\/uploads\/2019\/08\/IMG_6265.jpg\"><img src=\"https:\/\/yosoylibros.org\/wp-content\/uploads\/2019\/08\/IMG_6265-400x200xc.jpg\" alt=\"\"\/><\/a><\/div><div class=\"item-grid grid-2\"><a class=\"kc-image-link kc-pretty-photo\" data-lightbox=\"kc-lightbox\" rel=\"kc-pretty-photo[16300753]\" href=\"https:\/\/yosoylibros.org\/wp-content\/uploads\/2019\/08\/IMG_0327.jpg\"><img src=\"https:\/\/yosoylibros.org\/wp-content\/uploads\/2019\/08\/IMG_0327-400x200xc.jpg\" alt=\"\"\/><\/a><\/div><div class=\"item-grid grid-2\"><a class=\"kc-image-link kc-pretty-photo\" data-lightbox=\"kc-lightbox\" rel=\"kc-pretty-photo[16300753]\" href=\"https:\/\/yosoylibros.org\/wp-content\/uploads\/2019\/08\/WhatsApp-Image-2019-06-13-at-4.24.22-AM.jpeg\"><img src=\"https:\/\/yosoylibros.org\/wp-content\/uploads\/2019\/08\/WhatsApp-Image-2019-06-13-at-4.24.22-AM-400x200xc.jpeg\" alt=\"\"\/><\/a><\/div><div class=\"item-grid grid-2\"><a class=\"kc-image-link kc-pretty-photo\" data-lightbox=\"kc-lightbox\" rel=\"kc-pretty-photo[16300753]\" href=\"https:\/\/yosoylibros.org\/wp-content\/uploads\/2019\/08\/IMG_3260.jpg\"><img src=\"https:\/\/yosoylibros.org\/wp-content\/uploads\/2019\/08\/IMG_3260-400x200xc.jpg\" alt=\"\"\/><\/a><\/div><div class=\"item-grid grid-2\"><a class=\"kc-image-link kc-pretty-photo\" data-lightbox=\"kc-lightbox\" rel=\"kc-pretty-photo[16300753]\" href=\"https:\/\/yosoylibros.org\/wp-content\/uploads\/2019\/08\/Screen-Shot-2019-08-09-at-10.49.03-AM.png\"><img src=\"https:\/\/yosoylibros.org\/wp-content\/uploads\/2019\/08\/Screen-Shot-2019-08-09-at-10.49.03-AM-400x200xc.png\" alt=\"\"\/><\/a><\/div><div class=\"item-grid grid-2\"><a class=\"kc-image-link kc-pretty-photo\" data-lightbox=\"kc-lightbox\" rel=\"kc-pretty-photo[16300753]\" href=\"https:\/\/yosoylibros.org\/wp-content\/uploads\/2019\/08\/IMG-20140407-WA0002.jpg\"><img src=\"https:\/\/yosoylibros.org\/wp-content\/uploads\/2019\/08\/IMG-20140407-WA0002-400x200xc.jpg\" alt=\"\"\/><\/a><\/div><div class=\"item-grid grid-2\"><a class=\"kc-image-link kc-pretty-photo\" data-lightbox=\"kc-lightbox\" rel=\"kc-pretty-photo[16300753]\" href=\"https:\/\/yosoylibros.org\/wp-content\/uploads\/2019\/08\/20140213_101619.jpg\"><img src=\"https:\/\/yosoylibros.org\/wp-content\/uploads\/2019\/08\/20140213_101619-400x200xc.jpg\" alt=\"\"\/><\/a><\/div><div class=\"item-grid grid-2\"><a class=\"kc-image-link kc-pretty-photo\" data-lightbox=\"kc-lightbox\" rel=\"kc-pretty-photo[16300753]\" href=\"https:\/\/yosoylibros.org\/wp-content\/uploads\/2019\/08\/memoria_alpt_2018-1.jpeg\"><img src=\"https:\/\/yosoylibros.org\/wp-content\/uploads\/2019\/08\/memoria_alpt_2018-1-400x200xc.jpeg\" alt=\"\"\/><\/a><\/div><div class=\"item-grid grid-2\"><a class=\"kc-image-link kc-pretty-photo\" data-lightbox=\"kc-lightbox\" rel=\"kc-pretty-photo[16300753]\" href=\"https:\/\/yosoylibros.org\/wp-content\/uploads\/2019\/08\/IMG_4853.jpg\"><img src=\"https:\/\/yosoylibros.org\/wp-content\/uploads\/2019\/08\/IMG_4853-400x200xc.jpg\" alt=\"\"\/><\/a><\/div><div class=\"item-grid grid-2\"><a class=\"kc-image-link kc-pretty-photo\" data-lightbox=\"kc-lightbox\" rel=\"kc-pretty-photo[16300753]\" href=\"https:\/\/yosoylibros.org\/wp-content\/uploads\/2019\/08\/P1020159.jpg\"><img src=\"https:\/\/yosoylibros.org\/wp-content\/uploads\/2019\/08\/P1020159-400x200xc.jpg\" alt=\"\"\/><\/a><\/div><div class=\"item-grid grid-2\"><a class=\"kc-image-link kc-pretty-photo\" data-lightbox=\"kc-lightbox\" rel=\"kc-pretty-photo[16300753]\" href=\"https:\/\/yosoylibros.org\/wp-content\/uploads\/2019\/08\/20190521_094207.jpg\"><img src=\"https:\/\/yosoylibros.org\/wp-content\/uploads\/2019\/08\/20190521_094207-400x200xc.jpg\" alt=\"\"\/><\/a><\/div><div class=\"item-grid grid-2\"><a class=\"kc-image-link kc-pretty-photo\" data-lightbox=\"kc-lightbox\" rel=\"kc-pretty-photo[16300753]\" href=\"https:\/\/yosoylibros.org\/wp-content\/uploads\/2019\/08\/IMG_4462.jpg\"><img src=\"https:\/\/yosoylibros.org\/wp-content\/uploads\/2019\/08\/IMG_4462-400x200xc.jpg\" alt=\"\"\/><\/a><\/div><div class=\"item-grid grid-2\"><a class=\"kc-image-link kc-pretty-photo\" data-lightbox=\"kc-lightbox\" rel=\"kc-pretty-photo[16300753]\" href=\"https:\/\/yosoylibros.org\/wp-content\/uploads\/2019\/08\/WhatsApp-Image-2019-05-28-at-8.22.28-PM1-e1565731435468.jpeg\"><img src=\"https:\/\/yosoylibros.org\/wp-content\/uploads\/2019\/08\/WhatsApp-Image-2019-05-28-at-8.22.28-PM1-e1565731435468-400x200xc.jpeg\" alt=\"\"\/><\/a><\/div><\/div>\n<\/div><\/div><\/div><\/div><\/div><\/section>\n","protected":false},"excerpt":{"rendered":"","protected":false},"author":1,"featured_media":0,"parent":0,"menu_order":0,"comment_status":"closed","ping_status":"closed","template":"","meta":{"footnotes":""},"_links":{"self":[{"href":"https:\/\/yosoylibros.org\/index.php?rest_route=\/wp\/v2\/pages\/7568"}],"collection":[{"href":"https:\/\/yosoylibros.org\/index.php?rest_route=\/wp\/v2\/pages"}],"about":[{"href":"https:\/\/yosoylibros.org\/index.php?rest_route=\/wp\/v2\/types\/page"}],"author":[{"embeddable":true,"href":"https:\/\/yosoylibros.org\/index.php?rest_route=\/wp\/v2\/users\/1"}],"replies":[{"embeddable":true,"href":"https:\/\/yosoylibros.org\/index.php?rest_route=%2Fwp%2Fv2%2Fcomments&post=7568"}],"version-history":[{"count":107,"href":"https:\/\/yosoylibros.org\/index.php?rest_route=\/wp\/v2\/pages\/7568\/revisions"}],"predecessor-version":[{"id":8907,"href":"https:\/\/yosoylibros.org\/index.php?rest_route=\/wp\/v2\/pages\/7568\/revisions\/8907"}],"wp:attachment":[{"href":"https:\/\/yosoylibros.org\/index.php?rest_route=%2Fwp%2Fv2%2Fmedia&parent=7568"}],"curies":[{"name":"wp","href":"https:\/\/api.w.org\/{rel}","templated":true}]}}