{"id":6259,"date":"2018-08-09T06:30:08","date_gmt":"2018-08-09T06:30:08","guid":{"rendered":"http:\/\/demo.vastthemes.com\/charity\/?page_id=1867"},"modified":"2025-04-25T03:55:38","modified_gmt":"2025-04-25T03:55:38","slug":"donar","status":"publish","type":"page","link":"https:\/\/yosoylibros.org\/?page_id=6259","title":{"rendered":"Ayudar"},"content":{"rendered":"<p><section class=\"kc-elm kc-css-791238 kc_row normalize-kc-padding\"><div class=\"kc-row-container  kc-container\"><div class=\"kc-wrap-columns\"><div class=\"kc-elm kc-css-913067 kc_col-sm-6 kc_column kc_col-sm-6\"><div class=\"kc-col-container\"><div class=\"kc-elm kc-css-327309 kc_row kc_row_inner\"><div class=\"kc-elm kc-css-362879 kc_col-sm-12 kc_column_inner kc_col-sm-12\"><div class=\"kc_wrapper kc-col-inner-container\"><div class=\"kc-elm kc-css-488378 kc-feature-boxes kc-fb-layout-3\">\n\n\t<div class=\"content-icon\"><i class=\"fab-paypal\"><\/i><\/div><div class=\"box-right\"><div class=\"content-title\">Don\u00e1 a trav\u00e9s de PayPal<\/div><div class=\"content-desc\">Cuenta en PAYPAL:    infolibros@librosparatodos.cr<\/div><\/div>\n<\/div>\n<div class=\"kc-elm kc-css-634785\" style=\"height: 60px; clear: both; width:100%;\"><\/div>\n<div class=\"kc-elm kc-css-803662 kc-title-wrap \">\n\n\t<h3 class=\"kc_title\">\u20a112,800 CRC<\/h3>\n<\/div>\n<div class=\"kc-elm kc-css-914762 kc_shortcode kc_single_image\">\n\n        <img src=\"https:\/\/yosoylibros.org\/wp-content\/uploads\/2023\/10\/imagen-sitio.jpeg\" class=\"\" alt=\"\" \/>    <\/div>\n<\/div><\/div><\/div><div class=\"kc-elm kc-css-88464 kc_row kc_row_inner\"><div class=\"kc-elm kc-css-123968 kc_col-sm-12 kc_column_inner kc_col-sm-12\"><div class=\"kc_wrapper kc-col-inner-container\"><div class=\"kc-elm kc-css-922298\" style=\"height: 60px; clear: both; width:100%;\"><\/div>\n<div class=\"kc-elm kc-css-191930 kc-title-wrap \">\n\n\t<h3 class=\"kc_title\">\u00bfPreguntas?<\/h3>\n<\/div>\n<div class=\"kc-elm kc-css-664071 kc_text_block\"><\/p>\n<p>\nPara consultas comun\u00edquese con nosotros a cualquiera de nuestros canales de atenci\u00f3n al cliente.<\/p>\n<p>\n<\/div><div class=\"kc-elm kc-css-23134 kc_text_block\"><\/p>\n<p>\n<i class=\"fa fa-phone\"><\/i><span style=\"font-style: inherit;\"><span style=\"font-family: FontAwesome;\">\u00a0 <\/span><\/span>(506) 7300-6685<\/p>\n<p>\n<\/div><div class=\"kc-elm kc-css-602893 kc_text_block\"><\/p>\n<p>\n<i class=\"fa fa-envelope\"><\/i><span style=\"font-style: inherit;\"><span style=\"font-family: FontAwesome;\">\u00a0 <\/span><\/span><a href=\"mailto:donacioneslpt@librosparatodos.cr\"><img decoding=\"async\" src=\"https:\/\/yosoylibros.org\/wp-content\/uploads\/2022\/05\/email_img_ysl.png\" \/><\/a><\/p>\n<p>\n<\/div><div class=\"kc-elm kc-css-222563 kc_text_block\"><\/p>\n<p>\n<i class=\"fa fa-whatsapp\"><\/i><span style=\"font-style: inherit;\"><span style=\"font-family: FontAwesome;\">\u00a0 <\/span><\/span>Whatsapp: <a href=\"https:\/\/api.whatsapp.com\/send?phone=50673006685\" target=\"_blank\" rel=\"noopener\">(506) 7300-6685<\/a><\/p>\n<p>\n<\/div><\/div><\/div><\/div><\/div><\/div><div class=\"kc-elm kc-css-717706 kc_col-sm-6 kc_column kc_col-sm-6\"><div class=\"kc-col-container\"><div class=\"kc-elm kc-css-416768 kc_row kc_row_inner\"><div class=\"kc-elm kc-css-502228 kc_col-sm-12 kc_column_inner kc_col-sm-12\"><div class=\"kc_wrapper kc-col-inner-container\"><div class=\"kc-elm kc-css-898104 kc-feature-boxes kc-fb-layout-3\">\n\n\t<div class=\"content-icon\"><i class=\"sl-wallet\"><\/i><\/div><div class=\"box-right\"><div class=\"content-title\">Don\u00e1 por sinpe movil:   +506 7095 8643<\/div><\/div>\n<\/div>\n<div class=\"kc-elm kc-css-683633 kc-feature-boxes kc-fb-layout-3\">\n\n\t<div class=\"content-icon\"><i class=\"sl-wallet\"><\/i><\/div><div class=\"box-right\"><div class=\"content-title\">Don\u00e1 por transferencia<\/div><\/div>\n<\/div>\n<div class=\"kc-elm kc-css-367856 kc_text_block\"><\/p>\n<p>\nSiga las siguientes instrucciones para realizar una donaci\u00f3n por transferencia bancaria.<\/p>\n<p>Deposite desde su banco a una de las siguientes cuentas:<\/p>\n<p>\n<\/div><div class=\"kc-elm kc-css-623690 kc-feature-boxes kc-fb-layout-5\">\n\n\t<div class=\"content-position\">Cuenta<\/div><div class=\"content-title\">BAC Colones<\/div><div class=\"content-desc\">N\u00famero de Cuenta: <strong>924976616<\/strong>\r\n<br>\r\nIBAN: <strong>CR72010200009249766160<\/strong>\r\n<br>\r\nN\u00famero de Cuenta C.C.: <strong>10200009249766160<\/strong><\/div>\n<\/div>\n<div class=\"kc-elm kc-css-883588 kc-feature-boxes kc-fb-layout-5\">\n\n\t<div class=\"content-position\">Cuenta<\/div><div class=\"content-title\">BAC D\u00f3lares<\/div><div class=\"content-desc\">N\u00famero de Cuenta: <strong>924976632<\/strong>\r\n<br>\r\nIBAN: <strong>CR52010200009249766326<\/strong>\r\n<br>\r\n<\/div>\n<\/div>\n<div class=\"kc-elm kc-css-584551 kc-feature-boxes kc-fb-layout-5\">\n\n\t<div class=\"content-position\">Cuenta<\/div><div class=\"content-title\">BCR Colones<\/div><div class=\"content-desc\">N\u00famero de Cuenta: <strong>001-2069554-3<\/strong>\r\n<br>\r\nIBAN: <strong>CR8015202001206955436<\/strong>\r\n<br>\r\nN\u00famero de Cuenta C.C.: <strong>15202001206955436<\/strong><\/div>\n<\/div>\n<div class=\"kc-elm kc-css-702235 kc-feature-boxes kc-fb-layout-5\">\n\n\t<div class=\"content-position\">Cuenta<\/div><div class=\"content-title\">BCR D\u00f3lares<\/div><div class=\"content-desc\">N\u00famero de Cuenta: <strong>001-2069645- 0<\/strong>\r\n<br>\r\nIBAN: <strong>CR81015202001206964501\r\n<\/strong>\r\n<br>\r\n<\/div>\n<\/div>\n<div class=\"kc-elm kc-css-323369 kc_text_block\"><\/p>\n<p>\nEn el detalle de la transferencia indique el nombre de &#8220;Asociaci\u00f3n Libros para Todos\".<\/p>\n<p>Env\u00edenos un correo electr\u00f3nico con el comprobante del dep\u00f3sito a: <a href=\"mailto:donacioneslpt@librosparatodos.cr\">donacioneslpt@librosparatodos.cr<\/a><\/p>\n<p>\n<\/div><\/div><\/div><\/div><\/div><\/div><\/div><\/div><\/section><section class=\"kc-elm kc-css-824787 kc_row\"><div class=\"kc-row-container  kc-container\"><div class=\"kc-wrap-columns\"><div class=\"kc-elm kc-css-44148 kc_col-sm-12 kc_column kc_col-sm-12\"><div class=\"kc-col-container\"><div class=\"kc-elm kc-css-474436 kc_row kc_row_inner\"><div class=\"kc-elm kc-css-972719 kc_col-sm-12 kc_column_inner kc_col-sm-12\"><div class=\"kc_wrapper kc-col-inner-container\"><div class=\"kc-elm kc-css-977796 kc-feature-boxes kc-fb-layout-5\">\n\n\t<div class=\"content-title\">Libros para Todos es una asociaci\u00f3n sin fines de lucro<\/div><div class=\"content-desc\">que busca apoyar al sector educativo<\/div>\n<\/div>\n<\/div><\/div><\/div><\/div><\/div><\/div><\/div><\/section><section class=\"kc-elm kc-css-166336 kc_row\"><div class=\"kc-row-container  kc-container\"><div class=\"kc-wrap-columns\"><div class=\"kc-elm kc-css-458403 kc_col-sm-6 kc_column kc_col-sm-6\"><div class=\"kc-col-container\"><div class=\"kc-elm kc-css-366746 kc_shortcode kc_single_image\">\n\n        <a rel=\"prettyPhoto\" class=\"kc-pretty-photo\" href=\"https:\/\/yosoylibros.org\/wp-content\/uploads\/2019\/08\/IMG_3189.jpg\" title=\"\" target=\"\">\n        <img src=\"https:\/\/yosoylibros.org\/wp-content\/uploads\/2019\/08\/IMG_3189.jpg\" class=\"\" alt=\"\" \/><div class=\"kc-image-overlay\"><i class=\"sl-magnifier-add\"><\/i><\/div>    <\/a>\n    <\/div>\n<\/div><\/div><div class=\"kc-elm kc-css-384195 kc_col-sm-6 kc_column kc_col-sm-6\"><div class=\"kc-col-container\"><div class=\"kc-elm kc-css-73843 kc_text_block\"><\/p>\n<p>\nCada curso lectivo ofrecemos productos educativos de calidad y accesibles para toda la poblaci\u00f3n. Entre los servicios ofrecidos est\u00e1n libros de texto de Espa\u00f1ol, Matem\u00e1tica, Estudios Sociales y Ciencias, adem\u00e1s materiales complementarios como libros de lectura, entre otros; brinda tambi\u00e9n una oferta anual de capacitaci\u00f3n docente, publica la revista Soy Docente y pone a disponibilidad de docentes y padres de familia de ni\u00f1os que usan los productos de la Asociaci\u00f3n, el sitio web <a href=\"http:\/\/librosparatodoscr.com\/\" target=\"_blank\" rel=\"noopener\">librosparatodoscr.com<\/a><\/p>\n<p>Libros para Todos cada a\u00f1o tiene una campa\u00f1a de donaci\u00f3n, en la que busca que empresas y personas f\u00edsicas adopten centros educativos y les donen los productos; en este programa el costo para patrocinar a un ni\u00f1o es de 12 800 colones, los cuales incluyen los cuatro libros de texto.\u00a0<\/p>\n<p>\n<\/div><\/div><\/div><\/div><\/div><\/section><section class=\"kc-elm kc-css-90639 kc_row\"><div class=\"kc-row-container  kc-container\"><div class=\"kc-wrap-columns\"><div class=\"kc-elm kc-css-586421 kc_col-sm-12 kc_column kc_col-sm-12\"><div class=\"kc-col-container\"><div class=\"kc-elm kc-css-740248 kc_text_block\"><\/p>\n<p><span style=\"font-style: inherit;\">Adem\u00e1s de este programa, Libros para Todos coloca en el mercado sus productos para que aquellas familias que no han sido beneficiadas con donaci\u00f3n puedan adquirir los libros para sus hijos, en este caso la inversi\u00f3n por cada ni\u00f1o es de 18000 colones por los cuatros libros de texto.<\/span><\/p>\n<p>\n<\/div><\/div><\/div><\/div><\/div><\/section><\/p>\n","protected":false},"excerpt":{"rendered":"","protected":false},"author":1,"featured_media":0,"parent":0,"menu_order":0,"comment_status":"closed","ping_status":"closed","template":"","meta":{"footnotes":""},"_links":{"self":[{"href":"https:\/\/yosoylibros.org\/index.php?rest_route=\/wp\/v2\/pages\/6259"}],"collection":[{"href":"https:\/\/yosoylibros.org\/index.php?rest_route=\/wp\/v2\/pages"}],"about":[{"href":"https:\/\/yosoylibros.org\/index.php?rest_route=\/wp\/v2\/types\/page"}],"author":[{"embeddable":true,"href":"https:\/\/yosoylibros.org\/index.php?rest_route=\/wp\/v2\/users\/1"}],"replies":[{"embeddable":true,"href":"https:\/\/yosoylibros.org\/index.php?rest_route=%2Fwp%2Fv2%2Fcomments&post=6259"}],"version-history":[{"count":300,"href":"https:\/\/yosoylibros.org\/index.php?rest_route=\/wp\/v2\/pages\/6259\/revisions"}],"predecessor-version":[{"id":9014,"href":"https:\/\/yosoylibros.org\/index.php?rest_route=\/wp\/v2\/pages\/6259\/revisions\/9014"}],"wp:attachment":[{"href":"https:\/\/yosoylibros.org\/index.php?rest_route=%2Fwp%2Fv2%2Fmedia&parent=6259"}],"curies":[{"name":"wp","href":"https:\/\/api.w.org\/{rel}","templated":true}]}}